{"id":672,"date":"2021-09-15T14:17:19","date_gmt":"2021-09-15T12:17:19","guid":{"rendered":"https:\/\/www.iot-link.io\/trackstream\/"},"modified":"2021-09-15T14:17:19","modified_gmt":"2021-09-15T12:17:19","slug":"trackstream","status":"publish","type":"page","link":"https:\/\/www.iot-link.io\/nl\/onze-geconnecteerde-producten\/trackstream\/","title":{"rendered":"TrackStream"},"content":{"rendered":"<div class=\"wpb-content-wrapper\"><p>[vc_row bg_type=&#8221;image&#8221; parallax_style=&#8221;vcpb-vz-jquery&#8221; bg_image_new=&#8221;id^426|url^https:\/\/www.iot-link.io\/wp-content\/uploads\/2022\/05\/AdobeStock_93816857_Preview.jpeg|caption^null|alt^null|title^AdobeStock_93816857_Preview|description^null&#8221; bg_image_repeat=&#8221;no-repeat&#8221; parallax_sense=&#8221;20&#8243; bg_override=&#8221;ex-full&#8221; enable_overlay=&#8221;enable_overlay_value&#8221; overlay_color=&#8221;rgba(23,61,86,0.7)&#8221; css=&#8221;.vc_custom_1651827313973{padding-top: 150px !important;}&#8221;][vc_column][vc_column_text el_class=&#8221;custom-white&#8221; css=&#8221;.vc_custom_1651759454460{margin-bottom: 20px !important;}&#8221;]<\/p>\n<h1>Trackers d&#8217;objets<em> Track<\/em>Stream<\/h1>\n<p>[\/vc_column_text][\/vc_column][vc_column css_animation=&#8221;fadeIn&#8221; offset=&#8221;vc_col-lg-6 vc_col-md-6&#8243;][vc_column_text el_class=&#8221;custom-white&#8221;]D\u00e9couvrez <strong><em>Track<\/em>Stream<\/strong>, notre <strong>asset tracking system<\/strong>.<\/p>\n<p><strong>Contr\u00f4lez en permanence la localisation exacte de vos objets<\/strong>, vos containers ou vos v\u00e9hicules, partout dans le monde.[\/vc_column_text]<div class=\"ult-content-box-container \" >\t\t<div class=\"ult-content-box\" style=\"background-color:#75beee;box-shadow: px px px px none;border-style:solid;border-width:0px;border-radius:15px;padding-top:20px;padding-right:25px;padding-bottom:0px;padding-left:25px;margin-bottom:25px;-webkit-transition: all 700ms ease;-moz-transition: all 700ms ease;-ms-transition: all 700ms ease;-o-transition: all 700ms ease;transition: all 700ms ease;\"  data-hover_bg_color=\"#75beee\"  data-hover_box_shadow=\"none\"    data-normal_margins=\"margin-bottom:25px;\"   data-bg=\"#75beee\"  data-border_color=\"\" ><div class=\"aio-icon-component  vc_custom_1652259057899   style_1\"><div id=\"Info-box-wrap-6347\" class=\"aio-icon-box left-icon\" style=\"\"  ><div class=\"aio-icon-left\"><div class=\"ult-just-icon-wrapper  \"><div class=\"align-icon\" style=\"text-align:center;\">\n<div class=\"aio-icon advanced \"  style=\"color:#ffffff;border-style:solid;border-color:#ffffff;border-width:2px;width:35px;height:35px;line-height:35px;border-radius:500px;font-size:15px;display:inline-block;\">\n\t<i class=\"fas fa-info\"><\/i>\n<\/div><\/div><\/div><\/div><div class=\"aio-ibd-block\"><div class=\"aio-icon-header\" ><p class=\"aio-icon-title ult-responsive\"  data-ultimate-target='#Info-box-wrap-6347 .aio-icon-title'  data-responsive-json-new='{\"font-size\":\"desktop:18px;\",\"line-height\":\"desktop:32px;\"}'  style=\"color:#ffffff;\">Ce produit est en cours d'\u00e9laboration, retrouvez quelques informations ci-dessous (plus d'informations \u00e0 venir)<\/p><\/div> <!-- header --><\/div> <!-- aio-ibd-block --><\/div> <!-- aio-icon-box --><\/div> <!-- aio-icon-component -->\t\t<\/div><\/div>[\/vc_column][vc_column el_class=&#8221;custom-align-bottom&#8221; offset=&#8221;vc_col-lg-6 vc_col-md-6&#8243;][vc_single_image image=&#8221;475&#8243; img_size=&#8221;600&#215;600&#8243; alignment=&#8221;center&#8221; css_animation=&#8221;fadeInUp&#8221; css=&#8221;.vc_custom_1652443818390{margin-bottom: -29% !important;}&#8221;][\/vc_column][\/vc_row][vc_row css=&#8221;.vc_custom_1631805699641{padding-top: 50px !important;}&#8221;][vc_column][vc_column_text]<\/p>\n<h2 style=\"text-align: center;\">Les atouts de <em>Track<\/em>Stream<br \/>\npour votre entreprise<\/h2>\n<p style=\"text-align: center;\">Vous d\u00e9sirez suivre vos containers partout dans le monde ou optimiser la surveillance de vos engins de chantier\u00a0? Vous pouvez compter sur TrackStream. Notre <strong>tracker d\u2019objets<\/strong> est utile pour toute entreprise puisqu\u2019il permet de suivre efficacement les d\u00e9placements de vos biens.<\/p>\n<p>[\/vc_column_text][vc_column_text]<\/p>\n<h3 style=\"text-align: center;\">Gr\u00e2ce \u00e0 <span style=\"color: #60a1c9; font-weight: 300;\">Track<\/span>Stream, vous pouvez suivre les mouvements de\u00a0:<\/h3>\n<p>[\/vc_column_text][vc_row_inner][vc_column_inner width=&#8221;1\/3&#8243;][vc_single_image image=&#8221;186&#8243; img_size=&#8221;100&#215;100&#8243; alignment=&#8221;center&#8221; css_animation=&#8221;fadeIn&#8221; css=&#8221;.vc_custom_1631796859920{margin-bottom: 20px !important;}&#8221;][vc_column_text]<\/p>\n<p style=\"text-align: center;\">Vos <strong>engins et \u00e9quipements de chantier<\/strong><br \/>\n<span style=\"font-size: 14px; line-height: 26px;\">(grues, transporteurs, remorques, r\u00e9serves de mat\u00e9riels, cabanes de chantier, toilettes mobiles\u2026)<\/span><\/p>\n<p>[\/vc_column_text][\/vc_column_inner][vc_column_inner width=&#8221;1\/3&#8243;][vc_single_image image=&#8221;192&#8243; img_size=&#8221;100&#215;100&#8243; alignment=&#8221;center&#8221; css_animation=&#8221;fadeIn&#8221; css=&#8221;.vc_custom_1631801587569{margin-bottom: 20px !important;}&#8221;][vc_column_text]<\/p>\n<p style=\"text-align: center;\">Vos <strong>outils de travail<\/strong><\/p>\n<p>[\/vc_column_text][\/vc_column_inner][vc_column_inner width=&#8221;1\/3&#8243;][vc_single_image image=&#8221;193&#8243; img_size=&#8221;100&#215;100&#8243; alignment=&#8221;center&#8221; css_animation=&#8221;fadeIn&#8221; css=&#8221;.vc_custom_1631801595016{margin-bottom: 20px !important;}&#8221;][vc_column_text]<\/p>\n<p style=\"text-align: center;\">Vos <strong>v\u00e9hicules de transport<\/strong><br \/>\n<span style=\"font-size: 14px; line-height: 26px;\">(camions, camionnettes, etc.)<\/span><\/p>\n<p>[\/vc_column_text][\/vc_column_inner][\/vc_row_inner][vc_row_inner css=&#8221;.vc_custom_1631796906253{margin-bottom: 50px !important;}&#8221;][vc_column_inner width=&#8221;1\/3&#8243;][vc_single_image image=&#8221;196&#8243; img_size=&#8221;100&#215;100&#8243; alignment=&#8221;center&#8221; css_animation=&#8221;fadeIn&#8221; css=&#8221;.vc_custom_1631801603224{margin-bottom: 20px !important;}&#8221;][vc_column_text]<\/p>\n<p style=\"text-align: center;\">Vos <strong>livreurs<\/strong><\/p>\n<p>[\/vc_column_text][\/vc_column_inner][vc_column_inner width=&#8221;1\/3&#8243;][vc_single_image image=&#8221;197&#8243; img_size=&#8221;100&#215;100&#8243; alignment=&#8221;center&#8221; css_animation=&#8221;fadeIn&#8221; css=&#8221;.vc_custom_1631801610615{margin-bottom: 20px !important;}&#8221;][vc_column_text]<\/p>\n<p style=\"text-align: center;\">Vos <strong>wagons<\/strong><\/p>\n<p>[\/vc_column_text][\/vc_column_inner][vc_column_inner width=&#8221;1\/3&#8243;][vc_single_image image=&#8221;194&#8243; img_size=&#8221;100&#215;100&#8243; alignment=&#8221;center&#8221; css_animation=&#8221;fadeIn&#8221; css=&#8221;.vc_custom_1631801616758{margin-bottom: 20px !important;}&#8221;][vc_column_text]<\/p>\n<p style=\"text-align: center;\">Vos <strong>containers<\/strong><\/p>\n<p>[\/vc_column_text][\/vc_column_inner][\/vc_row_inner][\/vc_column][\/vc_row]<\/p>\n<\/div>","protected":false},"excerpt":{"rendered":"<p>[vc_row bg_type=&#8221;image&#8221; parallax_style=&#8221;vcpb-vz-jquery&#8221; bg_image_new=&#8221;id^426|url^https:\/\/www.iot-link.io\/wp-content\/uploads\/2022\/05\/AdobeStock_93816857_Preview.jpeg|caption^null|alt^null|title^AdobeStock_93816857_Preview|description^null&#8221; bg_image_repeat=&#8221;no-repeat&#8221; parallax_sense=&#8221;20&#8243; bg_override=&#8221;ex-full&#8221; enable_overlay=&#8221;enable_overlay_value&#8221; overlay_color=&#8221;rgba(23,61,86,0.7)&#8221; css=&#8221;.vc_custom_1651827313973{padding-top: 150px !important;}&#8221;][vc_column][vc_column_text el_class=&#8221;custom-white&#8221; css=&#8221;.vc_custom_1651759454460{margin-bottom: 20px !important;}&#8221;] Trackers d&#8217;objets TrackStream [\/vc_column_text][\/vc_column][vc_column css_animation=&#8221;fadeIn&#8221; offset=&#8221;vc_col-lg-6 vc_col-md-6&#8243;][vc_column_text el_class=&#8221;custom-white&#8221;]D\u00e9couvrez TrackStream, notre asset tracking system. Contr\u00f4lez en permanence la localisation exacte de vos objets, vos containers ou vos v\u00e9hicules, partout dans le monde.[\/vc_column_text][\/vc_column][vc_column el_class=&#8221;custom-align-bottom&#8221; offset=&#8221;vc_col-lg-6 vc_col-md-6&#8243;][vc_single_image image=&#8221;475&#8243; img_size=&#8221;600&#215;600&#8243; alignment=&#8221;center&#8221; css_animation=&#8221;fadeInUp&#8221; css=&#8221;.vc_custom_1652443818390{margin-bottom:&hellip;<\/p>\n","protected":false},"author":1,"featured_media":0,"parent":690,"menu_order":2,"comment_status":"closed","ping_status":"closed","template":"","meta":{"footnotes":""},"class_list":["post-672","page","type-page","status-publish","hentry","description-off"],"yoast_head":"<!-- This site is optimized with the Yoast SEO plugin v27.5 - https:\/\/yoast.com\/product\/yoast-seo-wordpress\/ -->\n<title>TrackStream - IOT Link<\/title>\n<meta name=\"robots\" content=\"index, follow, max-snippet:-1, max-image-preview:large, max-video-preview:-1\" \/>\n<link rel=\"canonical\" href=\"https:\/\/www.iot-link.io\/nl\/onze-geconnecteerde-producten\/trackstream\/\" \/>\n<meta property=\"og:locale\" content=\"nl_NL\" \/>\n<meta property=\"og:type\" content=\"article\" \/>\n<meta property=\"og:title\" content=\"TrackStream - IOT Link\" \/>\n<meta property=\"og:description\" content=\"[vc_row bg_type=&#8221;image&#8221; parallax_style=&#8221;vcpb-vz-jquery&#8221; bg_image_new=&#8221;id^426|url^https:\/\/www.iot-link.io\/wp-content\/uploads\/2022\/05\/AdobeStock_93816857_Preview.jpeg|caption^null|alt^null|title^AdobeStock_93816857_Preview|description^null&#8221; bg_image_repeat=&#8221;no-repeat&#8221; parallax_sense=&#8221;20&#8243; bg_override=&#8221;ex-full&#8221; enable_overlay=&#8221;enable_overlay_value&#8221; overlay_color=&#8221;rgba(23,61,86,0.7)&#8221; css=&#8221;.vc_custom_1651827313973{padding-top: 150px !important;}&#8221;][vc_column][vc_column_text el_class=&#8221;custom-white&#8221; css=&#8221;.vc_custom_1651759454460{margin-bottom: 20px !important;}&#8221;] Trackers d&#8217;objets TrackStream [\/vc_column_text][\/vc_column][vc_column css_animation=&#8221;fadeIn&#8221; offset=&#8221;vc_col-lg-6 vc_col-md-6&#8243;][vc_column_text el_class=&#8221;custom-white&#8221;]D\u00e9couvrez TrackStream, notre asset tracking system. Contr\u00f4lez en permanence la localisation exacte de vos objets, vos containers ou vos v\u00e9hicules, partout dans le monde.[\/vc_column_text][\/vc_column][vc_column el_class=&#8221;custom-align-bottom&#8221; offset=&#8221;vc_col-lg-6 vc_col-md-6&#8243;][vc_single_image image=&#8221;475&#8243; img_size=&#8221;600&#215;600&#8243; alignment=&#8221;center&#8221; css_animation=&#8221;fadeInUp&#8221; css=&#8221;.vc_custom_1652443818390{margin-bottom:&hellip;\" \/>\n<meta property=\"og:url\" content=\"https:\/\/www.iot-link.io\/nl\/onze-geconnecteerde-producten\/trackstream\/\" \/>\n<meta property=\"og:site_name\" content=\"IOT Link\" \/>\n<meta name=\"twitter:card\" content=\"summary_large_image\" \/>\n<meta name=\"twitter:label1\" content=\"Geschatte leestijd\" \/>\n\t<meta name=\"twitter:data1\" content=\"3 minuten\" \/>\n<script type=\"application\/ld+json\" class=\"yoast-schema-graph\">{\"@context\":\"https:\\\/\\\/schema.org\",\"@graph\":[{\"@type\":\"WebPage\",\"@id\":\"https:\\\/\\\/www.iot-link.io\\\/nl\\\/onze-geconnecteerde-producten\\\/trackstream\\\/\",\"url\":\"https:\\\/\\\/www.iot-link.io\\\/nl\\\/onze-geconnecteerde-producten\\\/trackstream\\\/\",\"name\":\"TrackStream - IOT Link\",\"isPartOf\":{\"@id\":\"https:\\\/\\\/www.iot-link.io\\\/nl\\\/#website\"},\"datePublished\":\"2021-09-15T12:17:19+00:00\",\"breadcrumb\":{\"@id\":\"https:\\\/\\\/www.iot-link.io\\\/nl\\\/onze-geconnecteerde-producten\\\/trackstream\\\/#breadcrumb\"},\"inLanguage\":\"nl-NL\",\"potentialAction\":[{\"@type\":\"ReadAction\",\"target\":[\"https:\\\/\\\/www.iot-link.io\\\/nl\\\/onze-geconnecteerde-producten\\\/trackstream\\\/\"]}]},{\"@type\":\"BreadcrumbList\",\"@id\":\"https:\\\/\\\/www.iot-link.io\\\/nl\\\/onze-geconnecteerde-producten\\\/trackstream\\\/#breadcrumb\",\"itemListElement\":[{\"@type\":\"ListItem\",\"position\":1,\"name\":\"Accueil\",\"item\":\"https:\\\/\\\/www.iot-link.io\\\/nl\\\/\"},{\"@type\":\"ListItem\",\"position\":2,\"name\":\"Onze geconnecteerde producten\",\"item\":\"https:\\\/\\\/www.iot-link.io\\\/nl\\\/onze-geconnecteerde-producten\\\/\"},{\"@type\":\"ListItem\",\"position\":3,\"name\":\"TrackStream\"}]},{\"@type\":\"WebSite\",\"@id\":\"https:\\\/\\\/www.iot-link.io\\\/nl\\\/#website\",\"url\":\"https:\\\/\\\/www.iot-link.io\\\/nl\\\/\",\"name\":\"IOT Link\",\"description\":\"\",\"potentialAction\":[{\"@type\":\"SearchAction\",\"target\":{\"@type\":\"EntryPoint\",\"urlTemplate\":\"https:\\\/\\\/www.iot-link.io\\\/nl\\\/?s={search_term_string}\"},\"query-input\":{\"@type\":\"PropertyValueSpecification\",\"valueRequired\":true,\"valueName\":\"search_term_string\"}}],\"inLanguage\":\"nl-NL\"}]}<\/script>\n<!-- \/ Yoast SEO plugin. -->","yoast_head_json":{"title":"TrackStream - IOT Link","robots":{"index":"index","follow":"follow","max-snippet":"max-snippet:-1","max-image-preview":"max-image-preview:large","max-video-preview":"max-video-preview:-1"},"canonical":"https:\/\/www.iot-link.io\/nl\/onze-geconnecteerde-producten\/trackstream\/","og_locale":"nl_NL","og_type":"article","og_title":"TrackStream - IOT Link","og_description":"[vc_row bg_type=&#8221;image&#8221; parallax_style=&#8221;vcpb-vz-jquery&#8221; bg_image_new=&#8221;id^426|url^https:\/\/www.iot-link.io\/wp-content\/uploads\/2022\/05\/AdobeStock_93816857_Preview.jpeg|caption^null|alt^null|title^AdobeStock_93816857_Preview|description^null&#8221; bg_image_repeat=&#8221;no-repeat&#8221; parallax_sense=&#8221;20&#8243; bg_override=&#8221;ex-full&#8221; enable_overlay=&#8221;enable_overlay_value&#8221; overlay_color=&#8221;rgba(23,61,86,0.7)&#8221; css=&#8221;.vc_custom_1651827313973{padding-top: 150px !important;}&#8221;][vc_column][vc_column_text el_class=&#8221;custom-white&#8221; css=&#8221;.vc_custom_1651759454460{margin-bottom: 20px !important;}&#8221;] Trackers d&#8217;objets TrackStream [\/vc_column_text][\/vc_column][vc_column css_animation=&#8221;fadeIn&#8221; offset=&#8221;vc_col-lg-6 vc_col-md-6&#8243;][vc_column_text el_class=&#8221;custom-white&#8221;]D\u00e9couvrez TrackStream, notre asset tracking system. Contr\u00f4lez en permanence la localisation exacte de vos objets, vos containers ou vos v\u00e9hicules, partout dans le monde.[\/vc_column_text][\/vc_column][vc_column el_class=&#8221;custom-align-bottom&#8221; offset=&#8221;vc_col-lg-6 vc_col-md-6&#8243;][vc_single_image image=&#8221;475&#8243; img_size=&#8221;600&#215;600&#8243; alignment=&#8221;center&#8221; css_animation=&#8221;fadeInUp&#8221; css=&#8221;.vc_custom_1652443818390{margin-bottom:&hellip;","og_url":"https:\/\/www.iot-link.io\/nl\/onze-geconnecteerde-producten\/trackstream\/","og_site_name":"IOT Link","twitter_card":"summary_large_image","twitter_misc":{"Geschatte leestijd":"3 minuten"},"schema":{"@context":"https:\/\/schema.org","@graph":[{"@type":"WebPage","@id":"https:\/\/www.iot-link.io\/nl\/onze-geconnecteerde-producten\/trackstream\/","url":"https:\/\/www.iot-link.io\/nl\/onze-geconnecteerde-producten\/trackstream\/","name":"TrackStream - IOT Link","isPartOf":{"@id":"https:\/\/www.iot-link.io\/nl\/#website"},"datePublished":"2021-09-15T12:17:19+00:00","breadcrumb":{"@id":"https:\/\/www.iot-link.io\/nl\/onze-geconnecteerde-producten\/trackstream\/#breadcrumb"},"inLanguage":"nl-NL","potentialAction":[{"@type":"ReadAction","target":["https:\/\/www.iot-link.io\/nl\/onze-geconnecteerde-producten\/trackstream\/"]}]},{"@type":"BreadcrumbList","@id":"https:\/\/www.iot-link.io\/nl\/onze-geconnecteerde-producten\/trackstream\/#breadcrumb","itemListElement":[{"@type":"ListItem","position":1,"name":"Accueil","item":"https:\/\/www.iot-link.io\/nl\/"},{"@type":"ListItem","position":2,"name":"Onze geconnecteerde producten","item":"https:\/\/www.iot-link.io\/nl\/onze-geconnecteerde-producten\/"},{"@type":"ListItem","position":3,"name":"TrackStream"}]},{"@type":"WebSite","@id":"https:\/\/www.iot-link.io\/nl\/#website","url":"https:\/\/www.iot-link.io\/nl\/","name":"IOT Link","description":"","potentialAction":[{"@type":"SearchAction","target":{"@type":"EntryPoint","urlTemplate":"https:\/\/www.iot-link.io\/nl\/?s={search_term_string}"},"query-input":{"@type":"PropertyValueSpecification","valueRequired":true,"valueName":"search_term_string"}}],"inLanguage":"nl-NL"}]}},"_links":{"self":[{"href":"https:\/\/www.iot-link.io\/nl\/wp-json\/wp\/v2\/pages\/672","targetHints":{"allow":["GET"]}}],"collection":[{"href":"https:\/\/www.iot-link.io\/nl\/wp-json\/wp\/v2\/pages"}],"about":[{"href":"https:\/\/www.iot-link.io\/nl\/wp-json\/wp\/v2\/types\/page"}],"author":[{"embeddable":true,"href":"https:\/\/www.iot-link.io\/nl\/wp-json\/wp\/v2\/users\/1"}],"replies":[{"embeddable":true,"href":"https:\/\/www.iot-link.io\/nl\/wp-json\/wp\/v2\/comments?post=672"}],"version-history":[{"count":0,"href":"https:\/\/www.iot-link.io\/nl\/wp-json\/wp\/v2\/pages\/672\/revisions"}],"up":[{"embeddable":true,"href":"https:\/\/www.iot-link.io\/nl\/wp-json\/wp\/v2\/pages\/690"}],"wp:attachment":[{"href":"https:\/\/www.iot-link.io\/nl\/wp-json\/wp\/v2\/media?parent=672"}],"curies":[{"name":"wp","href":"https:\/\/api.w.org\/{rel}","templated":true}]}}